{"id":23,"date":"2022-04-14T16:01:41","date_gmt":"2022-04-14T16:01:41","guid":{"rendered":"http:\/\/flamingo-parken.de\/?page_id=23"},"modified":"2025-05-15T15:55:41","modified_gmt":"2025-05-15T15:55:41","slug":"impressum","status":"publish","type":"page","link":"https:\/\/flamingo-parken.de\/en\/impressum\/","title":{"rendered":"Imprint"},"content":{"rendered":"<div data-elementor-type=\"wp-page\" data-elementor-id=\"23\" class=\"elementor elementor-23\" data-elementor-post-type=\"page\">\n\t\t\t\t\t\t<section class=\"elementor-section elementor-top-section elementor-element elementor-element-00a571a elementor-section-height-min-height elementor-section-boxed elementor-section-height-default elementor-section-items-middle\" data-id=\"00a571a\" data-element_type=\"section\" data-e-type=\"section\" data-settings=\"{&quot;background_background&quot;:&quot;classic&quot;}\">\n\t\t\t\t\t\t<div class=\"elementor-container elementor-column-gap-default\">\n\t\t\t\t\t<div class=\"elementor-column elementor-col-100 elementor-top-column elementor-element elementor-element-33a19da\" data-id=\"33a19da\" data-element_type=\"column\" data-e-type=\"column\">\n\t\t\t<div class=\"elementor-widget-wrap elementor-element-populated\">\n\t\t\t\t\t\t<div class=\"elementor-element elementor-element-3ca1205 elementor-widget elementor-widget-spacer\" data-id=\"3ca1205\" data-element_type=\"widget\" data-e-type=\"widget\" data-widget_type=\"spacer.default\">\n\t\t\t\t<div class=\"elementor-widget-container\">\n\t\t\t\t\t\t\t<div class=\"elementor-spacer\">\n\t\t\t<div class=\"elementor-spacer-inner\"><\/div>\n\t\t<\/div>\n\t\t\t\t\t\t<\/div>\n\t\t\t\t<\/div>\n\t\t\t\t<div class=\"elementor-element elementor-element-61d0cfe elementor-widget elementor-widget-heading\" data-id=\"61d0cfe\" data-element_type=\"widget\" data-e-type=\"widget\" data-widget_type=\"heading.default\">\n\t\t\t\t<div class=\"elementor-widget-container\">\n\t\t\t\t\t<h1 class=\"elementor-heading-title elementor-size-default\">Imprint<\/h1>\t\t\t\t<\/div>\n\t\t\t\t<\/div>\n\t\t\t\t\t<\/div>\n\t\t<\/div>\n\t\t\t\t\t<\/div>\n\t\t<\/section>\n\t\t\t\t<section class=\"elementor-section elementor-top-section elementor-element elementor-element-2329c69 elementor-section-boxed elementor-section-height-default elementor-section-height-default\" data-id=\"2329c69\" data-element_type=\"section\" data-e-type=\"section\">\n\t\t\t\t\t\t<div class=\"elementor-container elementor-column-gap-default\">\n\t\t\t\t\t<div class=\"elementor-column elementor-col-100 elementor-top-column elementor-element elementor-element-73a39bf\" data-id=\"73a39bf\" data-element_type=\"column\" data-e-type=\"column\">\n\t\t\t<div class=\"elementor-widget-wrap elementor-element-populated\">\n\t\t\t\t\t\t<div class=\"elementor-element elementor-element-caa8922 elementor-widget elementor-widget-text-editor\" data-id=\"caa8922\" data-element_type=\"widget\" data-e-type=\"widget\" data-widget_type=\"text-editor.default\">\n\t\t\t\t<div class=\"elementor-widget-container\">\n\t\t\t\t\t\t\t\t\t<div class=\"column mcb-column one column_column\"><div class=\"column_attr clearfix\"><h5><strong>According to \u00a7 5 TMG:<\/strong><\/h5><p>Flamingo-Parken.de<br \/>Betreiber:<br \/>Candas &amp; T\u00fcker GbR\u00a0<br \/>Kelsterbacher Strasse 98<br \/>65479 Raunheim<br \/><span style=\"text-decoration: underline;\"><span style=\"color: #000000;\"><a style=\"color: #000000; text-decoration: underline;\" href=\"tel:+4961429138855\">Tel.: <strong>+49157\u00a0 51762527<\/strong> <\/a><\/span><\/span><br \/><span style=\"text-decoration: underline;\"><span style=\"color: #000000;\"><a style=\"color: #000000; text-decoration: underline;\" href=\"mailto:info@parkstation-karma24.de?subject=www.parkstation-karma24.de\">info@flamingo-parken.de<\/a><\/span><\/span><\/p><p><b>Gesch\u00e4ftsf\u00fchrer:<\/b><br \/>H\u00fcseyin Candas\u00a0<\/p><p><b>Responsible for content according to \u00a7 55 Abs. 2 RStV:<\/b><br \/>H\u00fcseyin Candas<br \/>Flamingo-Parken.de<br \/>Kelsterbacher Strasse 98<br \/>65479 Raunheim<br \/><span style=\"text-decoration: underline;\"><span style=\"color: #000000;\"><a style=\"color: #000000; text-decoration: underline;\" href=\"tel:+4961429138855\">Tel.: <strong>+49 157\u00a0 51762527<\/strong> <\/a><\/span><\/span><br \/><span style=\"text-decoration: underline;\"><span style=\"color: #000000;\"><a style=\"color: #000000; text-decoration: underline;\" href=\"mailto:info@flamingo-parken.de\">info@flamingo-parken.de<\/a><\/span><\/span><\/p><p><b>Tax number:<\/b><br \/>Steuernummer: 021 309 00049<\/p><\/div><\/div><div class=\"column mcb-column one-third column_image\"><div class=\"image_frame image_item no_link scale-with-grid no_border\"><div class=\"image_wrapper\">\u00a0<\/div><\/div><\/div><div class=\"column mcb-column one-third column_column\"><div class=\"column_attr clearfix\"><p><b>Booking-System<br \/><\/b><span style=\"text-decoration: underline;\"><span style=\"color: #000000;\"><a style=\"color: #000000; text-decoration: underline;\" href=\"https:\/\/www.parkplatz-management.de\/\" target=\"_blank\" rel=\"noopener\">Powered by PMS<\/a><\/span><\/span><\/p><\/div><\/div>\t\t\t\t\t\t\t\t<\/div>\n\t\t\t\t<\/div>\n\t\t\t\t\t<\/div>\n\t\t<\/div>\n\t\t\t\t\t<\/div>\n\t\t<\/section>\n\t\t\t\t<\/div>","protected":false},"excerpt":{"rendered":"<p>Impressum Angaben gem\u00e4\u00df \u00a7 5 TMG: Flamingo-Parken.deBetreiber:Candas &amp; T\u00fcker GbR\u00a0Kelsterbacher Strasse 9865479 RaunheimTel.: +49157\u00a0 51762527 info@flamingo-parken.de Gesch\u00e4ftsf\u00fchrer:H\u00fcseyin Candas\u00a0 Inhaltlich Verantwortlicher gem\u00e4\u00df \u00a7 55 Abs. 2 RStV:H\u00fcseyin CandasFlamingo-Parken.deKelsterbacher Strasse 9865479 RaunheimTel.: +49 157\u00a0 51762527 info@flamingo-parken.de Steuernummer:Steuernummer: 021 309 00049 \u00a0 Buchungssystem:Powered by PMS<\/p>","protected":false},"author":1,"featured_media":0,"parent":0,"menu_order":0,"comment_status":"closed","ping_status":"closed","template":"","meta":{"footnotes":""},"class_list":["post-23","page","type-page","status-publish","hentry"],"yoast_head":"<!-- This site is optimized with the Yoast SEO plugin v27.5 - https:\/\/yoast.com\/product\/yoast-seo-wordpress\/ -->\n<title>Impressum - Flamingo-Parken.de<\/title>\n<meta name=\"robots\" content=\"index, follow, max-snippet:-1, max-image-preview:large, max-video-preview:-1\" \/>\n<link rel=\"canonical\" href=\"https:\/\/flamingo-parken.de\/en\/impressum\/\" \/>\n<meta property=\"og:locale\" content=\"en_US\" \/>\n<meta property=\"og:type\" content=\"article\" \/>\n<meta property=\"og:title\" content=\"Impressum - Flamingo-Parken.de\" \/>\n<meta property=\"og:description\" content=\"Impressum Angaben gem\u00e4\u00df \u00a7 5 TMG: Flamingo-Parken.deBetreiber:Candas &amp; T\u00fcker GbR\u00a0Kelsterbacher Strasse 9865479 RaunheimTel.: +49157\u00a0 51762527 info@flamingo-parken.de Gesch\u00e4ftsf\u00fchrer:H\u00fcseyin Candas\u00a0 Inhaltlich Verantwortlicher gem\u00e4\u00df \u00a7 55 Abs. 2 RStV:H\u00fcseyin CandasFlamingo-Parken.deKelsterbacher Strasse 9865479 RaunheimTel.: +49 157\u00a0 51762527 info@flamingo-parken.de Steuernummer:Steuernummer: 021 309 00049 \u00a0 Buchungssystem:Powered by PMS\" \/>\n<meta property=\"og:url\" content=\"https:\/\/flamingo-parken.de\/en\/impressum\/\" \/>\n<meta property=\"og:site_name\" content=\"Flamingo-Parken.de\" \/>\n<meta property=\"article:modified_time\" content=\"2025-05-15T15:55:41+00:00\" \/>\n<meta name=\"twitter:card\" content=\"summary_large_image\" \/>\n<meta name=\"twitter:label1\" content=\"Est. reading time\" \/>\n\t<meta name=\"twitter:data1\" content=\"1 minute\" \/>\n<script type=\"application\/ld+json\" class=\"yoast-schema-graph\">{\"@context\":\"https:\\\/\\\/schema.org\",\"@graph\":[{\"@type\":\"WebPage\",\"@id\":\"https:\\\/\\\/flamingo-parken.de\\\/impressum\\\/\",\"url\":\"https:\\\/\\\/flamingo-parken.de\\\/impressum\\\/\",\"name\":\"Impressum - Flamingo-Parken.de\",\"isPartOf\":{\"@id\":\"https:\\\/\\\/flamingo-parken.de\\\/#website\"},\"datePublished\":\"2022-04-14T16:01:41+00:00\",\"dateModified\":\"2025-05-15T15:55:41+00:00\",\"breadcrumb\":{\"@id\":\"https:\\\/\\\/flamingo-parken.de\\\/impressum\\\/#breadcrumb\"},\"inLanguage\":\"en-US\",\"potentialAction\":[{\"@type\":\"ReadAction\",\"target\":[\"https:\\\/\\\/flamingo-parken.de\\\/impressum\\\/\"]}]},{\"@type\":\"BreadcrumbList\",\"@id\":\"https:\\\/\\\/flamingo-parken.de\\\/impressum\\\/#breadcrumb\",\"itemListElement\":[{\"@type\":\"ListItem\",\"position\":1,\"name\":\"Startseite\",\"item\":\"https:\\\/\\\/flamingo-parken.de\\\/\"},{\"@type\":\"ListItem\",\"position\":2,\"name\":\"Impressum\"}]},{\"@type\":\"WebSite\",\"@id\":\"https:\\\/\\\/flamingo-parken.de\\\/#website\",\"url\":\"https:\\\/\\\/flamingo-parken.de\\\/\",\"name\":\"Flamingo-Parken.de\",\"description\":\"Valet-Shuttle-Parking-Service - Frankfurt Flughafen\",\"publisher\":{\"@id\":\"https:\\\/\\\/flamingo-parken.de\\\/#organization\"},\"potentialAction\":[{\"@type\":\"SearchAction\",\"target\":{\"@type\":\"EntryPoint\",\"urlTemplate\":\"https:\\\/\\\/flamingo-parken.de\\\/?s={search_term_string}\"},\"query-input\":{\"@type\":\"PropertyValueSpecification\",\"valueRequired\":true,\"valueName\":\"search_term_string\"}}],\"inLanguage\":\"en-US\"},{\"@type\":\"Organization\",\"@id\":\"https:\\\/\\\/flamingo-parken.de\\\/#organization\",\"name\":\"Flamingo-Parken.de\",\"url\":\"https:\\\/\\\/flamingo-parken.de\\\/\",\"logo\":{\"@type\":\"ImageObject\",\"inLanguage\":\"en-US\",\"@id\":\"https:\\\/\\\/flamingo-parken.de\\\/#\\\/schema\\\/logo\\\/image\\\/\",\"url\":\"https:\\\/\\\/flamingo-parken.de\\\/wp-content\\\/uploads\\\/2022\\\/04\\\/Flamingo-Flaticon.png\",\"contentUrl\":\"https:\\\/\\\/flamingo-parken.de\\\/wp-content\\\/uploads\\\/2022\\\/04\\\/Flamingo-Flaticon.png\",\"width\":512,\"height\":512,\"caption\":\"Flamingo-Parken.de\"},\"image\":{\"@id\":\"https:\\\/\\\/flamingo-parken.de\\\/#\\\/schema\\\/logo\\\/image\\\/\"}}]}<\/script>\n<!-- \/ Yoast SEO plugin. -->","yoast_head_json":{"title":"Impressum - Flamingo-Parken.de","robots":{"index":"index","follow":"follow","max-snippet":"max-snippet:-1","max-image-preview":"max-image-preview:large","max-video-preview":"max-video-preview:-1"},"canonical":"https:\/\/flamingo-parken.de\/en\/impressum\/","og_locale":"en_US","og_type":"article","og_title":"Impressum - Flamingo-Parken.de","og_description":"Impressum Angaben gem\u00e4\u00df \u00a7 5 TMG: Flamingo-Parken.deBetreiber:Candas &amp; T\u00fcker GbR\u00a0Kelsterbacher Strasse 9865479 RaunheimTel.: +49157\u00a0 51762527 info@flamingo-parken.de Gesch\u00e4ftsf\u00fchrer:H\u00fcseyin Candas\u00a0 Inhaltlich Verantwortlicher gem\u00e4\u00df \u00a7 55 Abs. 2 RStV:H\u00fcseyin CandasFlamingo-Parken.deKelsterbacher Strasse 9865479 RaunheimTel.: +49 157\u00a0 51762527 info@flamingo-parken.de Steuernummer:Steuernummer: 021 309 00049 \u00a0 Buchungssystem:Powered by PMS","og_url":"https:\/\/flamingo-parken.de\/en\/impressum\/","og_site_name":"Flamingo-Parken.de","article_modified_time":"2025-05-15T15:55:41+00:00","twitter_card":"summary_large_image","twitter_misc":{"Est. reading time":"1 minute"},"schema":{"@context":"https:\/\/schema.org","@graph":[{"@type":"WebPage","@id":"https:\/\/flamingo-parken.de\/impressum\/","url":"https:\/\/flamingo-parken.de\/impressum\/","name":"Impressum - Flamingo-Parken.de","isPartOf":{"@id":"https:\/\/flamingo-parken.de\/#website"},"datePublished":"2022-04-14T16:01:41+00:00","dateModified":"2025-05-15T15:55:41+00:00","breadcrumb":{"@id":"https:\/\/flamingo-parken.de\/impressum\/#breadcrumb"},"inLanguage":"en-US","potentialAction":[{"@type":"ReadAction","target":["https:\/\/flamingo-parken.de\/impressum\/"]}]},{"@type":"BreadcrumbList","@id":"https:\/\/flamingo-parken.de\/impressum\/#breadcrumb","itemListElement":[{"@type":"ListItem","position":1,"name":"Startseite","item":"https:\/\/flamingo-parken.de\/"},{"@type":"ListItem","position":2,"name":"Impressum"}]},{"@type":"WebSite","@id":"https:\/\/flamingo-parken.de\/#website","url":"https:\/\/flamingo-parken.de\/","name":"Flamingo-Parken.de","description":"Valet-Shuttle-Parking-Service - Frankfurt Flughafen","publisher":{"@id":"https:\/\/flamingo-parken.de\/#organization"},"potentialAction":[{"@type":"SearchAction","target":{"@type":"EntryPoint","urlTemplate":"https:\/\/flamingo-parken.de\/?s={search_term_string}"},"query-input":{"@type":"PropertyValueSpecification","valueRequired":true,"valueName":"search_term_string"}}],"inLanguage":"en-US"},{"@type":"Organization","@id":"https:\/\/flamingo-parken.de\/#organization","name":"Flamingo-Parken.de","url":"https:\/\/flamingo-parken.de\/","logo":{"@type":"ImageObject","inLanguage":"en-US","@id":"https:\/\/flamingo-parken.de\/#\/schema\/logo\/image\/","url":"https:\/\/flamingo-parken.de\/wp-content\/uploads\/2022\/04\/Flamingo-Flaticon.png","contentUrl":"https:\/\/flamingo-parken.de\/wp-content\/uploads\/2022\/04\/Flamingo-Flaticon.png","width":512,"height":512,"caption":"Flamingo-Parken.de"},"image":{"@id":"https:\/\/flamingo-parken.de\/#\/schema\/logo\/image\/"}}]}},"_links":{"self":[{"href":"https:\/\/flamingo-parken.de\/en\/wp-json\/wp\/v2\/pages\/23","targetHints":{"allow":["GET"]}}],"collection":[{"href":"https:\/\/flamingo-parken.de\/en\/wp-json\/wp\/v2\/pages"}],"about":[{"href":"https:\/\/flamingo-parken.de\/en\/wp-json\/wp\/v2\/types\/page"}],"author":[{"embeddable":true,"href":"https:\/\/flamingo-parken.de\/en\/wp-json\/wp\/v2\/users\/1"}],"replies":[{"embeddable":true,"href":"https:\/\/flamingo-parken.de\/en\/wp-json\/wp\/v2\/comments?post=23"}],"version-history":[{"count":49,"href":"https:\/\/flamingo-parken.de\/en\/wp-json\/wp\/v2\/pages\/23\/revisions"}],"predecessor-version":[{"id":1805,"href":"https:\/\/flamingo-parken.de\/en\/wp-json\/wp\/v2\/pages\/23\/revisions\/1805"}],"wp:attachment":[{"href":"https:\/\/flamingo-parken.de\/en\/wp-json\/wp\/v2\/media?parent=23"}],"curies":[{"name":"wp","href":"https:\/\/api.w.org\/{rel}","templated":true}]}}