{"id":25,"date":"2022-04-14T16:01:48","date_gmt":"2022-04-14T16:01:48","guid":{"rendered":"http:\/\/flamingo-parken.de\/?page_id=25"},"modified":"2022-07-02T15:37:05","modified_gmt":"2022-07-02T15:37:05","slug":"datenschutz","status":"publish","type":"page","link":"https:\/\/flamingo-parken.de\/en\/datenschutz\/","title":{"rendered":"Privacy"},"content":{"rendered":"<div data-elementor-type=\"wp-page\" data-elementor-id=\"25\" class=\"elementor elementor-25\" data-elementor-post-type=\"page\">\n\t\t\t\t\t\t<section class=\"elementor-section elementor-top-section elementor-element elementor-element-44519cfc elementor-section-height-min-height elementor-section-boxed elementor-section-height-default elementor-section-items-middle\" data-id=\"44519cfc\" data-element_type=\"section\" data-e-type=\"section\" data-settings=\"{&quot;background_background&quot;:&quot;classic&quot;}\">\n\t\t\t\t\t\t<div class=\"elementor-container elementor-column-gap-default\">\n\t\t\t\t\t<div class=\"elementor-column elementor-col-100 elementor-top-column elementor-element elementor-element-4119c5d3\" data-id=\"4119c5d3\" data-element_type=\"column\" data-e-type=\"column\">\n\t\t\t<div class=\"elementor-widget-wrap elementor-element-populated\">\n\t\t\t\t\t\t<div class=\"elementor-element elementor-element-8364f00 elementor-widget elementor-widget-spacer\" data-id=\"8364f00\" data-element_type=\"widget\" data-e-type=\"widget\" data-widget_type=\"spacer.default\">\n\t\t\t\t<div class=\"elementor-widget-container\">\n\t\t\t\t\t\t\t<div class=\"elementor-spacer\">\n\t\t\t<div class=\"elementor-spacer-inner\"><\/div>\n\t\t<\/div>\n\t\t\t\t\t\t<\/div>\n\t\t\t\t<\/div>\n\t\t\t\t<div class=\"elementor-element elementor-element-5bf52d4d elementor-widget elementor-widget-heading\" data-id=\"5bf52d4d\" data-element_type=\"widget\" data-e-type=\"widget\" data-widget_type=\"heading.default\">\n\t\t\t\t<div class=\"elementor-widget-container\">\n\t\t\t\t\t<h1 class=\"elementor-heading-title elementor-size-default\">Privacy<\/h1>\t\t\t\t<\/div>\n\t\t\t\t<\/div>\n\t\t\t\t\t<\/div>\n\t\t<\/div>\n\t\t\t\t\t<\/div>\n\t\t<\/section>\n\t\t\t\t<section class=\"elementor-section elementor-top-section elementor-element elementor-element-1f721e9 elementor-section-boxed elementor-section-height-default elementor-section-height-default\" data-id=\"1f721e9\" data-element_type=\"section\" data-e-type=\"section\">\n\t\t\t\t\t\t<div class=\"elementor-container elementor-column-gap-default\">\n\t\t\t\t\t<div class=\"elementor-column elementor-col-100 elementor-top-column elementor-element elementor-element-14e8092\" data-id=\"14e8092\" data-element_type=\"column\" data-e-type=\"column\">\n\t\t\t<div class=\"elementor-widget-wrap elementor-element-populated\">\n\t\t\t\t\t\t<div class=\"elementor-element elementor-element-8cf8f3c elementor-widget elementor-widget-text-editor\" data-id=\"8cf8f3c\" data-element_type=\"widget\" data-e-type=\"widget\" data-widget_type=\"text-editor.default\">\n\t\t\t\t<div class=\"elementor-widget-container\">\n\t\t\t\t\t\t\t\t\t<h5><strong>The responsible body within the meaning of the data protection laws is:<\/strong><\/h5><p>H\u00fcseyin Candas<\/p><h5><strong>Gathering of General Information<\/strong><\/h5><p>When you access our website, information of a general nature is automatically recorded. This information (server log files) includes the type of web browser, the operating system used, the domain name of your internet service provider and similar. This is exclusively information that does not allow any conclusions to be drawn about your person. This information is technically necessary in order to correctly deliver the content you have requested from websites and is mandatory when using the Internet. Anonymous information of this type is statistically evaluated by us in order to optimize our website and the technology behind it.<\/p><h5><strong>Registration on our website<\/strong><\/h5><p>When registering to use our personalized services, some personal data is collected, such as name, address, contact and communication data such as telephone number and e-mail address. If you are registered with us, you can access content and services that we only offer to registered users. Registered users also have the option of changing or deleting the data provided during registration at any time. Of course, we will also provide you with information about the personal data we have stored about you at any time. We will also be happy to correct or delete them at your request, provided there are no legal storage requirements to the contrary. To contact us in this context, please use the contact details given at the end of this data protection declaration.<\/p><h5><strong>Provision of paid services<\/strong><\/h5><p>In order to provide paid services, we will ask for additional data, such as payment details.<\/p><h5><strong>SSL encryption<\/strong><\/h5><p>In order to protect the security of your data during transmission, we use state-of-the-art encryption methods (e.g. SSL) via HTTPS.<\/p><h5><strong>Newsletter<\/strong><\/h5><p>When registering to receive our newsletter, the data you provide will be used exclusively for this purpose. Subscribers can also be informed by e-mail about circumstances that are relevant to the service or the registration (e.g. changes to the newsletter offer or technical conditions).<\/p><p>For an effective registration we need a valid e-mail address. In order to check that the owner of an e-mail address is actually registering, we use the \"double opt-in\" procedure. To do this, we log the subscription to the newsletter, the sending of a confirmation email and the receipt of the response requested here. Further data is not collected. The data will only be used to send the newsletter and will not be passed on to third parties.<\/p><p>You can revoke your consent to the storage of your personal data and its use for sending the newsletter at any time. There is a corresponding link in every newsletter. You can also unsubscribe directly on this website at any time or inform us of your wish to do so using the contact option given at the end of this data protection notice.<\/p><h5><strong>Deletion or blocking of the data<\/strong><\/h5><p>We adhere to the principles of data avoidance and data economy. We therefore only store your personal data for as long as is necessary to achieve the purposes stated here or as provided for by the various storage periods provided for by the legislature. After the respective purpose has ceased to exist or these periods have expired, the corresponding data will be blocked or deleted as a matter of routine and in accordance with the statutory provisions.<\/p><h5><strong>Use of Google Analytics<\/strong><\/h5><p>This website uses Google Analytics, a web analysis service provided by Google Inc. (hereinafter: Google). Google Analytics uses so-called \"cookies\", i.e. text files which are stored on your computer and which enable an analysis of your use of the website. The information generated by the cookie about your use of this website is usually transmitted to a Google server in the USA and stored there. Due to the activation of IP anonymization on this website, however, your IP address will be shortened beforehand by Google within member states of the European Union or in other contracting states of the Agreement on the European Economic Area. Only in exceptional cases will the full IP address be sent to a Google server in the USA and shortened there. On behalf of the operator of this website, Google will use this information to evaluate your use of the website, to compile reports on website activity and to provide other services related to website activity and internet usage to the website operator. The IP address transmitted by your browser as part of Google Analytics will not be merged with other Google data.<\/p><p>You can prevent the storage of cookies by setting your browser software accordingly; we would like to point out to you however that in this case you will if applicable not be able to use all functions of this website in full. You can also prevent Google from collecting the data generated by the cookie and related to your use of the website (including your IP address) and from processing this data by Google by downloading the browser plug-in available under the following link and install:\u00a0<span style=\"text-decoration: underline; color: #000000;\"><a style=\"color: #000000; text-decoration: underline;\" href=\"http:\/\/tools.google.com\/dlpage\/gaoptout?hl=de\" target=\"_blank\" rel=\"noopener\">Browser-Add-on zur Deaktivierung von Google Analytics.<\/a><\/span><\/p><p><span style=\"color: #000000;\">In addition to or as an alternative to the browser add-on, you can prevent tracking by Google Analytics on our website,\u00a0<a style=\"color: #000000; text-decoration: underline;\" href=\"https:\/\/www.activemind.de\/datenschutz\/datenschutzhinweis-generator\/ergebnis\/#\" target=\"_blank\" rel=\"noopener\">indem Sie diesen Link anklicken.<\/a>\u00a0An opt-out cookie will be installed on your device. This will prevent future detection by Google Analytics for this website and for this browser as long as the cookie remains installed in your browser.<\/span><\/p><h5><span style=\"color: #000000;\"><strong>Use of script libraries (Google Webfonts)<\/strong><\/span><\/h5><p><span style=\"color: #000000;\">In order to display our content correctly and graphically appealing across browsers, we use script libraries and font libraries such as B. Google Web Fonts (<a style=\"color: #000000; text-decoration: underline;\" href=\"http:\/\/www.google.com\/webfonts\/\" target=\"_blank\" rel=\"noopener\">https:\/\/www.google.com\/webfonts\/<\/a>). Google web fonts are transferred to your browser's cache to avoid multiple loading. If the browser does not support Google Webfonts or prevents access, content will be displayed in a standard font.<\/span><\/p><p><span style=\"color: #000000;\">Der Aufruf von Scriptbibliotheken oder Schriftbibliotheken l\u00f6st automatisch eine Verbindung zum Betreiber der Bibliothek aus. Dabei ist es theoretisch m\u00f6glich \u2013 aktuell allerdings auch unklar ob und ggf. zu welchen Zwecken \u2013 dass Betreiber entsprechender Bibliotheken Daten erheben.<\/span><\/p><p><span style=\"color: #000000;\">Die Datenschutzrichtlinie des Bibliothekbetreibers Google finden Sie hier:\u00a0<a style=\"color: #000000; text-decoration: underline;\" href=\"https:\/\/www.google.com\/policies\/privacy\/\" target=\"_blank\" rel=\"noopener\">https:\/\/www.google.com\/policies\/privacy\/<\/a><\/span><\/p><h5><span style=\"color: #000000;\"><strong>Use of Google Maps<\/strong><\/span><\/h5><p><span style=\"color: #000000;\">Diese Webseite verwendet Google Maps API, um geographische Informationen visuell darzustellen. Bei der Nutzung von Google Maps werden von Google auch Daten \u00fcber die Nutzung der Kartenfunktionen durch Besucher erhoben, verarbeitet und genutzt. N\u00e4here Informationen \u00fcber die Datenverarbeitung durch Google k\u00f6nnen Sie den\u00a0<a style=\"color: #000000; text-decoration: underline;\" href=\"http:\/\/www.google.com\/privacypolicy.html\" target=\"_blank\" rel=\"noopener\">Google-Datenschutzhinweisen<\/a>\u00a0entnehmen. Dort k\u00f6nnen Sie im Datenschutzcenter auch Ihre pers\u00f6nlichen Datenschutz-Einstellungen ver\u00e4ndern.<\/span><\/p><p><span style=\"color: #000000;\">Ausf\u00fchrliche Anleitungen zur Verwaltung der eigenen Daten im Zusammenhang mit Google-Produkten\u00a0<a style=\"color: #000000; text-decoration: underline;\" href=\"http:\/\/www.dataliberation.org\/\" target=\"_blank\" rel=\"noopener\">finden Sie hier.<\/a><\/span><\/p><h5><span style=\"color: #000000;\"><strong>Eingebettete YouTube-Videos<\/strong><\/span><\/h5><p><span style=\"color: #000000;\">We embed YouTube videos on some of our websites. The operator of the corresponding plugins is YouTube, LLC, 901 Cherry Ave., San Bruno, CA 94066, USA. When you visit a page with the YouTube plugin, a connection to the YouTube servers is established. YouTube is informed which pages you are visiting. If you are logged into your YouTube account, YouTube can assign your surfing behavior to you personally. You can prevent this by logging out of your YouTube account beforehand.<\/span><\/p><p><span style=\"color: #000000;\">If a YouTube video is started, the provider uses cookies that collect information about user behavior.<\/span><\/p><p><span style=\"color: #000000;\">Anyone who has deactivated the storage of cookies for the Google Ad program will not have to reckon with such cookies when watching YouTube videos. However, YouTube also stores non-personal usage information in other cookies. If you want to prevent this, you must block the storage of cookies in the browser.<\/span><\/p><p><span style=\"color: #000000;\">Further information on data protection at \"Youtube\" can be found in the provider's data protection declaration at:\u00a0<a style=\"color: #000000; text-decoration: underline;\" href=\"https:\/\/www.google.de\/intl\/de\/policies\/privacy\/\" target=\"_blank\" rel=\"noopener\">https:\/\/www.google.de\/intl\/de\/policies\/privacy\/<\/a><\/span><\/p><h5><span style=\"color: #000000;\"><strong>Google AdWords<\/strong><\/span><\/h5><p><span style=\"color: #000000;\">Our website uses Google Conversion Tracking. If you came to our website via an ad placed by Google, Google Adwords will place a cookie on your computer. The conversion tracking cookie is set when a user clicks on an ad served by Google. These cookies lose their validity after 30 days and are not used for personal identification. If the user visits certain pages of our website and the cookie has not yet expired, we and Google can recognize that the user clicked on the ad and was redirected to this page. Each Google AdWords customer receives a different cookie. This means that cookies cannot be tracked via the websites of AdWords customers. The information obtained using the conversion cookie is used to create conversion statistics for AdWords customers who have opted for conversion tracking. Customers find out the total number of users who clicked on their ad and were redirected to a page with a conversion tracking tag. However, they do not receive any information with which users can be personally identified.<\/span><\/p><p><span style=\"color: #000000;\">If you do not wish to participate in the tracking, you can reject the setting of a cookie required for this - for example by means of a browser setting that generally deactivates the automatic setting of cookies or set your browser so that cookies from the \"googleleadservices.com\" domain are blocked.<\/span><\/p><p><span style=\"color: #000000;\">Please note that you may not delete the opt-out cookies as long as you do not want measurement data to be recorded. If you have deleted all your cookies in the browser, you must set the respective opt-out cookie again.<\/span><\/p><h5><span style=\"color: #000000;\"><strong>Use of Google Remarketing<\/strong><\/span><\/h5><p><span style=\"color: #000000;\">This website uses the remarketing function of Google Inc. The function is used to present interest-based advertisements to website visitors within the Google advertising network. A so-called \"cookie\" is stored in the browser of the website visitor, which makes it possible to recognize the visitor when he or she calls up websites that belong to the Google advertising network. On these pages, the visitor can be presented with advertisements that refer to content that the visitor has previously accessed on websites that use Google's remarketing function. According to its own statements, Google does not collect any personal data during this process. If you still do not want Google's remarketing function, you can always deactivate it by making the appropriate settings under\u00a0<a style=\"color: #000000; text-decoration: underline;\" href=\"http:\/\/www.google.com\/settings\/ads\" target=\"_blank\" rel=\"noopener\">http:\/\/www.google.com\/settings\/ads<\/a>\u00a0make. Alternatively, you can disable the use of cookies for interest-based advertising through the Ad Network Initiative by following the instructions at\u00a0<a style=\"color: #000000; text-decoration: underline;\" href=\"http:\/\/www.networkadvertising.org\/managing\/opt_out.asp\" target=\"_blank\" rel=\"noopener\">http:\/\/www.networkadvertising.org\/managing\/opt_out.asp<\/a>\u00a0folgen.<\/span><\/p><h5><span style=\"color: #000000;\"><strong>Your rights to information, correction, blocking, deletion and objection<\/strong><\/span><\/h5><p><span style=\"color: #000000;\">You have the right to receive information about your personal data stored by us at any time. You also have the right to correction, blocking or, apart from the prescribed data storage for business transactions, deletion of your personal data. Please contact our data protection officer. The contact details can be found below.<\/span><\/p><p><span style=\"color: #000000;\">So that a blocking of data can be taken into account at any time, this data must be kept in a blocking file for control purposes. You can also request the deletion of the data, provided there is no legal archiving obligation. If there is such an obligation, we will block your data on request.<\/span><\/p><p><span style=\"color: #000000;\">Sie k\u00f6nnen \u00c4nderungen oder den Widerruf einer Einwilligung durch entsprechende Mitteilung an uns mit Wirkung f\u00fcr die Zukunft vornehmen.<\/span><\/p><h5><span style=\"color: #000000;\"><strong>\u00c4nderung unserer Datenschutzbestimmungen<\/strong><\/span><\/h5><p><span style=\"color: #000000;\">Wir behalten uns vor, diese Datenschutzerkl\u00e4rung gelegentlich anzupassen, damit sie stets den aktuellen rechtlichen Anforderungen entspricht oder um \u00c4nderungen unserer Leistungen in der Datenschutzerkl\u00e4rung umzusetzen, z. B. bei der Einf\u00fchrung neuer Services. F\u00fcr Ihren erneuten Besuch gilt dann die neue Datenschutzerkl\u00e4rung.<\/span><\/p>\t\t\t\t\t\t\t\t<\/div>\n\t\t\t\t<\/div>\n\t\t\t\t\t<\/div>\n\t\t<\/div>\n\t\t\t\t\t<\/div>\n\t\t<\/section>\n\t\t\t\t<\/div>","protected":false},"excerpt":{"rendered":"<p>Datenschutz Verantwortliche Stelle im Sinne der Datenschutzgesetze ist: H\u00fcseyin Candas Erfassung allgemeiner Informationen Wenn Sie auf unsere Webseite zugreifen, werden automatisch Informationen allgemeiner Natur erfasst. Diese Informationen (Server-Logfiles) beinhalten etwa die Art des Webbrowsers, das verwendete Betriebssystem, den Domainnamen Ihres Internet Service Providers und \u00c4hnliches. Hierbei handelt es sich ausschlie\u00dflich um Informationen, welche keine R\u00fcckschl\u00fcsse [&hellip;]<\/p>\n","protected":false},"author":1,"featured_media":0,"parent":0,"menu_order":0,"comment_status":"closed","ping_status":"closed","template":"","meta":{"footnotes":""},"class_list":["post-25","page","type-page","status-publish","hentry"],"yoast_head":"<!-- This site is optimized with the Yoast SEO plugin v27.5 - https:\/\/yoast.com\/product\/yoast-seo-wordpress\/ -->\n<title>Datenschutz - Flamingo-Parken.de<\/title>\n<meta name=\"robots\" content=\"index, follow, max-snippet:-1, max-image-preview:large, max-video-preview:-1\" \/>\n<link rel=\"canonical\" href=\"https:\/\/flamingo-parken.de\/en\/datenschutz\/\" \/>\n<meta property=\"og:locale\" content=\"en_US\" \/>\n<meta property=\"og:type\" content=\"article\" \/>\n<meta property=\"og:title\" content=\"Datenschutz - Flamingo-Parken.de\" \/>\n<meta property=\"og:description\" content=\"Datenschutz Verantwortliche Stelle im Sinne der Datenschutzgesetze ist: H\u00fcseyin Candas Erfassung allgemeiner Informationen Wenn Sie auf unsere Webseite zugreifen, werden automatisch Informationen allgemeiner Natur erfasst. Diese Informationen (Server-Logfiles) beinhalten etwa die Art des Webbrowsers, das verwendete Betriebssystem, den Domainnamen Ihres Internet Service Providers und \u00c4hnliches. Hierbei handelt es sich ausschlie\u00dflich um Informationen, welche keine R\u00fcckschl\u00fcsse [&hellip;]\" \/>\n<meta property=\"og:url\" content=\"https:\/\/flamingo-parken.de\/en\/datenschutz\/\" \/>\n<meta property=\"og:site_name\" content=\"Flamingo-Parken.de\" \/>\n<meta property=\"article:modified_time\" content=\"2022-07-02T15:37:05+00:00\" \/>\n<meta name=\"twitter:card\" content=\"summary_large_image\" \/>\n<meta name=\"twitter:label1\" content=\"Est. reading time\" \/>\n\t<meta name=\"twitter:data1\" content=\"10 minutes\" \/>\n<script type=\"application\/ld+json\" class=\"yoast-schema-graph\">{\"@context\":\"https:\\\/\\\/schema.org\",\"@graph\":[{\"@type\":\"WebPage\",\"@id\":\"https:\\\/\\\/flamingo-parken.de\\\/datenschutz\\\/\",\"url\":\"https:\\\/\\\/flamingo-parken.de\\\/datenschutz\\\/\",\"name\":\"Datenschutz - Flamingo-Parken.de\",\"isPartOf\":{\"@id\":\"https:\\\/\\\/flamingo-parken.de\\\/#website\"},\"datePublished\":\"2022-04-14T16:01:48+00:00\",\"dateModified\":\"2022-07-02T15:37:05+00:00\",\"breadcrumb\":{\"@id\":\"https:\\\/\\\/flamingo-parken.de\\\/datenschutz\\\/#breadcrumb\"},\"inLanguage\":\"en-US\",\"potentialAction\":[{\"@type\":\"ReadAction\",\"target\":[\"https:\\\/\\\/flamingo-parken.de\\\/datenschutz\\\/\"]}]},{\"@type\":\"BreadcrumbList\",\"@id\":\"https:\\\/\\\/flamingo-parken.de\\\/datenschutz\\\/#breadcrumb\",\"itemListElement\":[{\"@type\":\"ListItem\",\"position\":1,\"name\":\"Startseite\",\"item\":\"https:\\\/\\\/flamingo-parken.de\\\/\"},{\"@type\":\"ListItem\",\"position\":2,\"name\":\"Datenschutz\"}]},{\"@type\":\"WebSite\",\"@id\":\"https:\\\/\\\/flamingo-parken.de\\\/#website\",\"url\":\"https:\\\/\\\/flamingo-parken.de\\\/\",\"name\":\"Flamingo-Parken.de\",\"description\":\"Valet-Shuttle-Parking-Service - Frankfurt Flughafen\",\"publisher\":{\"@id\":\"https:\\\/\\\/flamingo-parken.de\\\/#organization\"},\"potentialAction\":[{\"@type\":\"SearchAction\",\"target\":{\"@type\":\"EntryPoint\",\"urlTemplate\":\"https:\\\/\\\/flamingo-parken.de\\\/?s={search_term_string}\"},\"query-input\":{\"@type\":\"PropertyValueSpecification\",\"valueRequired\":true,\"valueName\":\"search_term_string\"}}],\"inLanguage\":\"en-US\"},{\"@type\":\"Organization\",\"@id\":\"https:\\\/\\\/flamingo-parken.de\\\/#organization\",\"name\":\"Flamingo-Parken.de\",\"url\":\"https:\\\/\\\/flamingo-parken.de\\\/\",\"logo\":{\"@type\":\"ImageObject\",\"inLanguage\":\"en-US\",\"@id\":\"https:\\\/\\\/flamingo-parken.de\\\/#\\\/schema\\\/logo\\\/image\\\/\",\"url\":\"https:\\\/\\\/flamingo-parken.de\\\/wp-content\\\/uploads\\\/2022\\\/04\\\/Flamingo-Flaticon.png\",\"contentUrl\":\"https:\\\/\\\/flamingo-parken.de\\\/wp-content\\\/uploads\\\/2022\\\/04\\\/Flamingo-Flaticon.png\",\"width\":512,\"height\":512,\"caption\":\"Flamingo-Parken.de\"},\"image\":{\"@id\":\"https:\\\/\\\/flamingo-parken.de\\\/#\\\/schema\\\/logo\\\/image\\\/\"}}]}<\/script>\n<!-- \/ Yoast SEO plugin. -->","yoast_head_json":{"title":"Datenschutz - Flamingo-Parken.de","robots":{"index":"index","follow":"follow","max-snippet":"max-snippet:-1","max-image-preview":"max-image-preview:large","max-video-preview":"max-video-preview:-1"},"canonical":"https:\/\/flamingo-parken.de\/en\/datenschutz\/","og_locale":"en_US","og_type":"article","og_title":"Datenschutz - Flamingo-Parken.de","og_description":"Datenschutz Verantwortliche Stelle im Sinne der Datenschutzgesetze ist: H\u00fcseyin Candas Erfassung allgemeiner Informationen Wenn Sie auf unsere Webseite zugreifen, werden automatisch Informationen allgemeiner Natur erfasst. Diese Informationen (Server-Logfiles) beinhalten etwa die Art des Webbrowsers, das verwendete Betriebssystem, den Domainnamen Ihres Internet Service Providers und \u00c4hnliches. Hierbei handelt es sich ausschlie\u00dflich um Informationen, welche keine R\u00fcckschl\u00fcsse [&hellip;]","og_url":"https:\/\/flamingo-parken.de\/en\/datenschutz\/","og_site_name":"Flamingo-Parken.de","article_modified_time":"2022-07-02T15:37:05+00:00","twitter_card":"summary_large_image","twitter_misc":{"Est. reading time":"10 minutes"},"schema":{"@context":"https:\/\/schema.org","@graph":[{"@type":"WebPage","@id":"https:\/\/flamingo-parken.de\/datenschutz\/","url":"https:\/\/flamingo-parken.de\/datenschutz\/","name":"Datenschutz - Flamingo-Parken.de","isPartOf":{"@id":"https:\/\/flamingo-parken.de\/#website"},"datePublished":"2022-04-14T16:01:48+00:00","dateModified":"2022-07-02T15:37:05+00:00","breadcrumb":{"@id":"https:\/\/flamingo-parken.de\/datenschutz\/#breadcrumb"},"inLanguage":"en-US","potentialAction":[{"@type":"ReadAction","target":["https:\/\/flamingo-parken.de\/datenschutz\/"]}]},{"@type":"BreadcrumbList","@id":"https:\/\/flamingo-parken.de\/datenschutz\/#breadcrumb","itemListElement":[{"@type":"ListItem","position":1,"name":"Startseite","item":"https:\/\/flamingo-parken.de\/"},{"@type":"ListItem","position":2,"name":"Datenschutz"}]},{"@type":"WebSite","@id":"https:\/\/flamingo-parken.de\/#website","url":"https:\/\/flamingo-parken.de\/","name":"Flamingo-Parken.de","description":"Valet-Shuttle-Parking-Service - Frankfurt Flughafen","publisher":{"@id":"https:\/\/flamingo-parken.de\/#organization"},"potentialAction":[{"@type":"SearchAction","target":{"@type":"EntryPoint","urlTemplate":"https:\/\/flamingo-parken.de\/?s={search_term_string}"},"query-input":{"@type":"PropertyValueSpecification","valueRequired":true,"valueName":"search_term_string"}}],"inLanguage":"en-US"},{"@type":"Organization","@id":"https:\/\/flamingo-parken.de\/#organization","name":"Flamingo-Parken.de","url":"https:\/\/flamingo-parken.de\/","logo":{"@type":"ImageObject","inLanguage":"en-US","@id":"https:\/\/flamingo-parken.de\/#\/schema\/logo\/image\/","url":"https:\/\/flamingo-parken.de\/wp-content\/uploads\/2022\/04\/Flamingo-Flaticon.png","contentUrl":"https:\/\/flamingo-parken.de\/wp-content\/uploads\/2022\/04\/Flamingo-Flaticon.png","width":512,"height":512,"caption":"Flamingo-Parken.de"},"image":{"@id":"https:\/\/flamingo-parken.de\/#\/schema\/logo\/image\/"}}]}},"_links":{"self":[{"href":"https:\/\/flamingo-parken.de\/en\/wp-json\/wp\/v2\/pages\/25","targetHints":{"allow":["GET"]}}],"collection":[{"href":"https:\/\/flamingo-parken.de\/en\/wp-json\/wp\/v2\/pages"}],"about":[{"href":"https:\/\/flamingo-parken.de\/en\/wp-json\/wp\/v2\/types\/page"}],"author":[{"embeddable":true,"href":"https:\/\/flamingo-parken.de\/en\/wp-json\/wp\/v2\/users\/1"}],"replies":[{"embeddable":true,"href":"https:\/\/flamingo-parken.de\/en\/wp-json\/wp\/v2\/comments?post=25"}],"version-history":[{"count":31,"href":"https:\/\/flamingo-parken.de\/en\/wp-json\/wp\/v2\/pages\/25\/revisions"}],"predecessor-version":[{"id":825,"href":"https:\/\/flamingo-parken.de\/en\/wp-json\/wp\/v2\/pages\/25\/revisions\/825"}],"wp:attachment":[{"href":"https:\/\/flamingo-parken.de\/en\/wp-json\/wp\/v2\/media?parent=25"}],"curies":[{"name":"wp","href":"https:\/\/api.w.org\/{rel}","templated":true}]}}